{"id":647,"date":"2019-04-11T09:05:54","date_gmt":"2019-04-11T12:05:54","guid":{"rendered":"https:\/\/www.ekoapark.com.br\/bilheteria\/?post_type=product&#038;p=647"},"modified":"2026-03-12T22:26:41","modified_gmt":"2026-03-13T01:26:41","slug":"balao","status":"publish","type":"product","link":"https:\/\/www.ekoapark.com.br\/bilheteria\/produto\/balao\/","title":{"rendered":"Voo cativo de bal\u00e3o"},"content":{"rendered":"<div class=\"act-item-content\">\n<div class=\"act-item-desc\">\n<p>Datas para 2026: 11\/04, 09\/05, 13\/06, 11\/07, 08\/08, 12\/09, 10\/10, 14\/11 e 12\/12<\/p>\n<p>\u2022 INGRESSO N\u00c3O INCLUSO. Para agendar esta atividade voc\u00ea precisa selecionar um Ingresso (ou pacote) para a mesma data em seu carrinho de compras.<\/p>\n<p>\u2022 O bal\u00e3o fica preso por cordas e sobe aproximadamente 40m, mas a altura \u00e9 var\u00edavel de acordo com as condi\u00e7\u00f5es de vento.<\/p>\n<p>\u2022 At\u00e9 3 pessoas por voo (ou peso total no cesto de no m\u00e1ximo 300kg)<br \/>\n\u2022 Hor\u00e1rio restrito das 8h \u00e0s 11h*<br \/>\n\u2022 Dura\u00e7\u00e3o de 10 a 15 min, de acordo com o vento<br \/>\n\u2022 Altura m\u00ednima 1,40m (n\u00e3o s\u00e3o permitidas crian\u00e7as de colo)<\/p>\n<p>\u2022 Atividade sujeita a cancelamentos a qualquer momento em raz\u00e3o das condi\u00e7\u00f5es clim\u00e1ticas. Em caso de cancelamento por conta de mudan\u00e7as na meteorologia na data agendada, o valor pago para a atividade poder\u00e1 ser transformado em cr\u00e9dito para outra data, usado como cr\u00e9dito para ingresso ao parque, ou reembolsado. O ingresso ao parque n\u00e3o est\u00e1 incluso em caso de cr\u00e9dito, reagendamento ou reembolso.<\/p>\n<p>\u2022 Procuramos avisar a todos os participantes com anteced\u00eancia em caso de cancelamentos, mas ressaltamos que o mesmo pode ocorrer a qualquer momento, sem aviso pr\u00e9vio, de acordo com os crit\u00e9rios de seguran\u00e7a de nossa equipe de pilotos.<\/p>\n<p>\u2022 As vagas s\u00e3o limitadas pois o hor\u00e1rio da atividade \u00e9 restrito. Os voos acontecem por ordem de chegada e \u00e9 necess\u00e1rio estar no parque \u00e0s 8h na data agendada.<\/p>\n<\/div>\n<\/div>\n","protected":false},"excerpt":{"rendered":"<p>Datas para 2026: 11\/04, 09\/05, 13\/06, 11\/07, 08\/08, 12\/09, 10\/10, 14\/11 e 12\/12<\/p>\n<p>&nbsp;<\/p>\n","protected":false},"featured_media":891,"template":"","meta":[],"product_cat":[20],"product_tag":[],"acf":[],"yoast_head":"<!-- This site is optimized with the Yoast SEO plugin v20.12 - https:\/\/yoast.com\/wordpress\/plugins\/seo\/ -->\n<title>Voo cativo de bal\u00e3o - Ek\u00f4a Park<\/title>\n<meta name=\"robots\" content=\"index, follow, max-snippet:-1, max-image-preview:large, max-video-preview:-1\" \/>\n<link rel=\"canonical\" href=\"https:\/\/www.ekoapark.com.br\/bilheteria\/produto\/balao\/\" \/>\n<meta property=\"og:locale\" content=\"pt_BR\" \/>\n<meta property=\"og:type\" content=\"article\" \/>\n<meta property=\"og:title\" content=\"Voo cativo de bal\u00e3o - Ek\u00f4a Park\" \/>\n<meta property=\"og:description\" content=\"Datas para 2026: 11\/04, 09\/05, 13\/06, 11\/07, 08\/08, 12\/09, 10\/10, 14\/11 e 12\/12  &nbsp;\" \/>\n<meta property=\"og:url\" content=\"https:\/\/www.ekoapark.com.br\/bilheteria\/produto\/balao\/\" \/>\n<meta property=\"og:site_name\" content=\"Ek\u00f4a Park\" \/>\n<meta property=\"article:publisher\" content=\"https:\/\/www.facebook.com\/ekoapark\" \/>\n<meta property=\"article:modified_time\" content=\"2026-03-13T01:26:41+00:00\" \/>\n<meta property=\"og:image\" content=\"https:\/\/www.ekoapark.com.br\/bilheteria\/wp-content\/uploads\/2019\/04\/Site_Bil_Balao.jpg\" \/>\n\t<meta property=\"og:image:width\" content=\"600\" \/>\n\t<meta property=\"og:image:height\" content=\"338\" \/>\n\t<meta property=\"og:image:type\" content=\"image\/jpeg\" \/>\n<meta name=\"twitter:card\" content=\"summary_large_image\" \/>\n<meta name=\"twitter:label1\" content=\"Est. tempo de leitura\" \/>\n\t<meta name=\"twitter:data1\" content=\"2 minutos\" \/>\n<script type=\"application\/ld+json\" class=\"yoast-schema-graph\">{\"@context\":\"https:\/\/schema.org\",\"@graph\":[{\"@type\":\"WebPage\",\"@id\":\"https:\/\/www.ekoapark.com.br\/bilheteria\/produto\/balao\/\",\"url\":\"https:\/\/www.ekoapark.com.br\/bilheteria\/produto\/balao\/\",\"name\":\"Voo cativo de bal\u00e3o - Ek\u00f4a Park\",\"isPartOf\":{\"@id\":\"https:\/\/www.ekoapark.com.br\/bilheteria\/#website\"},\"datePublished\":\"2019-04-11T12:05:54+00:00\",\"dateModified\":\"2026-03-13T01:26:41+00:00\",\"breadcrumb\":{\"@id\":\"https:\/\/www.ekoapark.com.br\/bilheteria\/produto\/balao\/#breadcrumb\"},\"inLanguage\":\"pt-BR\",\"potentialAction\":[{\"@type\":\"ReadAction\",\"target\":[\"https:\/\/www.ekoapark.com.br\/bilheteria\/produto\/balao\/\"]}]},{\"@type\":\"BreadcrumbList\",\"@id\":\"https:\/\/www.ekoapark.com.br\/bilheteria\/produto\/balao\/#breadcrumb\",\"itemListElement\":[{\"@type\":\"ListItem\",\"position\":1,\"name\":\"Loja\",\"item\":\"https:\/\/www.ekoapark.com.br\/bilheteria\/loja\/\"},{\"@type\":\"ListItem\",\"position\":2,\"name\":\"Voo cativo de bal\u00e3o\"}]},{\"@type\":\"WebSite\",\"@id\":\"https:\/\/www.ekoapark.com.br\/bilheteria\/#website\",\"url\":\"https:\/\/www.ekoapark.com.br\/bilheteria\/\",\"name\":\"Ek\u00f4a Park\",\"description\":\"Um para\u00edso ecol\u00f3gico que encanta e ensina por meio de experi\u00eancias \u00fanicas\",\"potentialAction\":[{\"@type\":\"SearchAction\",\"target\":{\"@type\":\"EntryPoint\",\"urlTemplate\":\"https:\/\/www.ekoapark.com.br\/bilheteria\/?s={search_term_string}\"},\"query-input\":\"required name=search_term_string\"}],\"inLanguage\":\"pt-BR\"}]}<\/script>\n<!-- \/ Yoast SEO plugin. -->","yoast_head_json":{"title":"Voo cativo de bal\u00e3o - Ek\u00f4a Park","robots":{"index":"index","follow":"follow","max-snippet":"max-snippet:-1","max-image-preview":"max-image-preview:large","max-video-preview":"max-video-preview:-1"},"canonical":"https:\/\/www.ekoapark.com.br\/bilheteria\/produto\/balao\/","og_locale":"pt_BR","og_type":"article","og_title":"Voo cativo de bal\u00e3o - Ek\u00f4a Park","og_description":"Datas para 2026: 11\/04, 09\/05, 13\/06, 11\/07, 08\/08, 12\/09, 10\/10, 14\/11 e 12\/12  &nbsp;","og_url":"https:\/\/www.ekoapark.com.br\/bilheteria\/produto\/balao\/","og_site_name":"Ek\u00f4a Park","article_publisher":"https:\/\/www.facebook.com\/ekoapark","article_modified_time":"2026-03-13T01:26:41+00:00","og_image":[{"width":600,"height":338,"url":"https:\/\/www.ekoapark.com.br\/bilheteria\/wp-content\/uploads\/2019\/04\/Site_Bil_Balao.jpg","type":"image\/jpeg"}],"twitter_card":"summary_large_image","twitter_misc":{"Est. tempo de leitura":"2 minutos"},"schema":{"@context":"https:\/\/schema.org","@graph":[{"@type":"WebPage","@id":"https:\/\/www.ekoapark.com.br\/bilheteria\/produto\/balao\/","url":"https:\/\/www.ekoapark.com.br\/bilheteria\/produto\/balao\/","name":"Voo cativo de bal\u00e3o - Ek\u00f4a Park","isPartOf":{"@id":"https:\/\/www.ekoapark.com.br\/bilheteria\/#website"},"datePublished":"2019-04-11T12:05:54+00:00","dateModified":"2026-03-13T01:26:41+00:00","breadcrumb":{"@id":"https:\/\/www.ekoapark.com.br\/bilheteria\/produto\/balao\/#breadcrumb"},"inLanguage":"pt-BR","potentialAction":[{"@type":"ReadAction","target":["https:\/\/www.ekoapark.com.br\/bilheteria\/produto\/balao\/"]}]},{"@type":"BreadcrumbList","@id":"https:\/\/www.ekoapark.com.br\/bilheteria\/produto\/balao\/#breadcrumb","itemListElement":[{"@type":"ListItem","position":1,"name":"Loja","item":"https:\/\/www.ekoapark.com.br\/bilheteria\/loja\/"},{"@type":"ListItem","position":2,"name":"Voo cativo de bal\u00e3o"}]},{"@type":"WebSite","@id":"https:\/\/www.ekoapark.com.br\/bilheteria\/#website","url":"https:\/\/www.ekoapark.com.br\/bilheteria\/","name":"Ek\u00f4a Park","description":"Um para\u00edso ecol\u00f3gico que encanta e ensina por meio de experi\u00eancias \u00fanicas","potentialAction":[{"@type":"SearchAction","target":{"@type":"EntryPoint","urlTemplate":"https:\/\/www.ekoapark.com.br\/bilheteria\/?s={search_term_string}"},"query-input":"required name=search_term_string"}],"inLanguage":"pt-BR"}]}},"_links":{"self":[{"href":"https:\/\/www.ekoapark.com.br\/bilheteria\/wp-json\/wp\/v2\/product\/647"}],"collection":[{"href":"https:\/\/www.ekoapark.com.br\/bilheteria\/wp-json\/wp\/v2\/product"}],"about":[{"href":"https:\/\/www.ekoapark.com.br\/bilheteria\/wp-json\/wp\/v2\/types\/product"}],"wp:featuredmedia":[{"embeddable":true,"href":"https:\/\/www.ekoapark.com.br\/bilheteria\/wp-json\/wp\/v2\/media\/891"}],"wp:attachment":[{"href":"https:\/\/www.ekoapark.com.br\/bilheteria\/wp-json\/wp\/v2\/media?parent=647"}],"wp:term":[{"taxonomy":"product_cat","embeddable":true,"href":"https:\/\/www.ekoapark.com.br\/bilheteria\/wp-json\/wp\/v2\/product_cat?post=647"},{"taxonomy":"product_tag","embeddable":true,"href":"https:\/\/www.ekoapark.com.br\/bilheteria\/wp-json\/wp\/v2\/product_tag?post=647"}],"curies":[{"name":"wp","href":"https:\/\/api.w.org\/{rel}","templated":true}]}}