{"id":642,"date":"2019-04-10T15:52:09","date_gmt":"2019-04-10T18:52:09","guid":{"rendered":"https:\/\/www.ekoapark.com.br\/bilheteria\/?post_type=product&#038;p=642"},"modified":"2025-12-15T19:20:27","modified_gmt":"2025-12-15T22:20:27","slug":"bolha-humana","status":"publish","type":"product","link":"https:\/\/www.ekoapark.com.br\/bilheteria\/produto\/bolha-humana\/","title":{"rendered":"Bolha Humana"},"content":{"rendered":"<p>Uma grande bolha que proporciona uma divertida tentativa de andar na a\u0301gua.<\/p>\n<p>\u2022 Atividade avulsa (uso uma \u00fanica vez).<\/p>\n<p>\u2022 INGRESSO N\u00c3O INCLUSO. Para agendar esta atividade voc\u00ea precisa selecionar um Ingresso para a mesma data em seu carrinho de compras (ou optar pelo Pacote Aventura Meia, que oferece acesso ilimitado ao circuito aventura).<\/p>\n<p>\u2022 Restri\u00e7\u00f5es: 04 a 12 anos. Peso m\u00e1ximo: 100kg.<\/p>\n<p>&nbsp;<\/p>\n","protected":false},"excerpt":{"rendered":"<p>Uma bolha super divertida para brincar de andar (ou ao menos tentar) sobre \u00e1guas do lago.<\/p>\n","protected":false},"featured_media":951,"template":"","meta":[],"product_cat":[20],"product_tag":[],"acf":[],"yoast_head":"<!-- This site is optimized with the Yoast SEO plugin v20.12 - https:\/\/yoast.com\/wordpress\/plugins\/seo\/ -->\n<title>Bolha Humana - Ek\u00f4a Park<\/title>\n<meta name=\"robots\" content=\"index, follow, max-snippet:-1, max-image-preview:large, max-video-preview:-1\" \/>\n<link rel=\"canonical\" href=\"https:\/\/www.ekoapark.com.br\/bilheteria\/produto\/bolha-humana\/\" \/>\n<meta property=\"og:locale\" content=\"pt_BR\" \/>\n<meta property=\"og:type\" content=\"article\" \/>\n<meta property=\"og:title\" content=\"Bolha Humana - Ek\u00f4a Park\" \/>\n<meta property=\"og:description\" content=\"Uma bolha super divertida para brincar de andar (ou ao menos tentar) sobre \u00e1guas do lago.\" \/>\n<meta property=\"og:url\" content=\"https:\/\/www.ekoapark.com.br\/bilheteria\/produto\/bolha-humana\/\" \/>\n<meta property=\"og:site_name\" content=\"Ek\u00f4a Park\" \/>\n<meta property=\"article:publisher\" content=\"https:\/\/www.facebook.com\/ekoapark\" \/>\n<meta property=\"article:modified_time\" content=\"2025-12-15T22:20:27+00:00\" \/>\n<meta property=\"og:image\" content=\"https:\/\/www.ekoapark.com.br\/bilheteria\/wp-content\/uploads\/2019\/04\/Site_bilheteria_bolha.jpg\" \/>\n\t<meta property=\"og:image:width\" content=\"600\" \/>\n\t<meta property=\"og:image:height\" content=\"338\" \/>\n\t<meta property=\"og:image:type\" content=\"image\/jpeg\" \/>\n<meta name=\"twitter:card\" content=\"summary_large_image\" \/>\n<meta name=\"twitter:label1\" content=\"Est. tempo de leitura\" \/>\n\t<meta name=\"twitter:data1\" content=\"1 minuto\" \/>\n<script type=\"application\/ld+json\" class=\"yoast-schema-graph\">{\"@context\":\"https:\/\/schema.org\",\"@graph\":[{\"@type\":\"WebPage\",\"@id\":\"https:\/\/www.ekoapark.com.br\/bilheteria\/produto\/bolha-humana\/\",\"url\":\"https:\/\/www.ekoapark.com.br\/bilheteria\/produto\/bolha-humana\/\",\"name\":\"Bolha Humana - Ek\u00f4a Park\",\"isPartOf\":{\"@id\":\"https:\/\/www.ekoapark.com.br\/bilheteria\/#website\"},\"datePublished\":\"2019-04-10T18:52:09+00:00\",\"dateModified\":\"2025-12-15T22:20:27+00:00\",\"breadcrumb\":{\"@id\":\"https:\/\/www.ekoapark.com.br\/bilheteria\/produto\/bolha-humana\/#breadcrumb\"},\"inLanguage\":\"pt-BR\",\"potentialAction\":[{\"@type\":\"ReadAction\",\"target\":[\"https:\/\/www.ekoapark.com.br\/bilheteria\/produto\/bolha-humana\/\"]}]},{\"@type\":\"BreadcrumbList\",\"@id\":\"https:\/\/www.ekoapark.com.br\/bilheteria\/produto\/bolha-humana\/#breadcrumb\",\"itemListElement\":[{\"@type\":\"ListItem\",\"position\":1,\"name\":\"Loja\",\"item\":\"https:\/\/www.ekoapark.com.br\/bilheteria\/loja\/\"},{\"@type\":\"ListItem\",\"position\":2,\"name\":\"Bolha Humana\"}]},{\"@type\":\"WebSite\",\"@id\":\"https:\/\/www.ekoapark.com.br\/bilheteria\/#website\",\"url\":\"https:\/\/www.ekoapark.com.br\/bilheteria\/\",\"name\":\"Ek\u00f4a Park\",\"description\":\"Um para\u00edso ecol\u00f3gico que encanta e ensina por meio de experi\u00eancias \u00fanicas\",\"potentialAction\":[{\"@type\":\"SearchAction\",\"target\":{\"@type\":\"EntryPoint\",\"urlTemplate\":\"https:\/\/www.ekoapark.com.br\/bilheteria\/?s={search_term_string}\"},\"query-input\":\"required name=search_term_string\"}],\"inLanguage\":\"pt-BR\"}]}<\/script>\n<!-- \/ Yoast SEO plugin. -->","yoast_head_json":{"title":"Bolha Humana - Ek\u00f4a Park","robots":{"index":"index","follow":"follow","max-snippet":"max-snippet:-1","max-image-preview":"max-image-preview:large","max-video-preview":"max-video-preview:-1"},"canonical":"https:\/\/www.ekoapark.com.br\/bilheteria\/produto\/bolha-humana\/","og_locale":"pt_BR","og_type":"article","og_title":"Bolha Humana - Ek\u00f4a Park","og_description":"Uma bolha super divertida para brincar de andar (ou ao menos tentar) sobre \u00e1guas do lago.","og_url":"https:\/\/www.ekoapark.com.br\/bilheteria\/produto\/bolha-humana\/","og_site_name":"Ek\u00f4a Park","article_publisher":"https:\/\/www.facebook.com\/ekoapark","article_modified_time":"2025-12-15T22:20:27+00:00","og_image":[{"width":600,"height":338,"url":"https:\/\/www.ekoapark.com.br\/bilheteria\/wp-content\/uploads\/2019\/04\/Site_bilheteria_bolha.jpg","type":"image\/jpeg"}],"twitter_card":"summary_large_image","twitter_misc":{"Est. tempo de leitura":"1 minuto"},"schema":{"@context":"https:\/\/schema.org","@graph":[{"@type":"WebPage","@id":"https:\/\/www.ekoapark.com.br\/bilheteria\/produto\/bolha-humana\/","url":"https:\/\/www.ekoapark.com.br\/bilheteria\/produto\/bolha-humana\/","name":"Bolha Humana - Ek\u00f4a Park","isPartOf":{"@id":"https:\/\/www.ekoapark.com.br\/bilheteria\/#website"},"datePublished":"2019-04-10T18:52:09+00:00","dateModified":"2025-12-15T22:20:27+00:00","breadcrumb":{"@id":"https:\/\/www.ekoapark.com.br\/bilheteria\/produto\/bolha-humana\/#breadcrumb"},"inLanguage":"pt-BR","potentialAction":[{"@type":"ReadAction","target":["https:\/\/www.ekoapark.com.br\/bilheteria\/produto\/bolha-humana\/"]}]},{"@type":"BreadcrumbList","@id":"https:\/\/www.ekoapark.com.br\/bilheteria\/produto\/bolha-humana\/#breadcrumb","itemListElement":[{"@type":"ListItem","position":1,"name":"Loja","item":"https:\/\/www.ekoapark.com.br\/bilheteria\/loja\/"},{"@type":"ListItem","position":2,"name":"Bolha Humana"}]},{"@type":"WebSite","@id":"https:\/\/www.ekoapark.com.br\/bilheteria\/#website","url":"https:\/\/www.ekoapark.com.br\/bilheteria\/","name":"Ek\u00f4a Park","description":"Um para\u00edso ecol\u00f3gico que encanta e ensina por meio de experi\u00eancias \u00fanicas","potentialAction":[{"@type":"SearchAction","target":{"@type":"EntryPoint","urlTemplate":"https:\/\/www.ekoapark.com.br\/bilheteria\/?s={search_term_string}"},"query-input":"required name=search_term_string"}],"inLanguage":"pt-BR"}]}},"_links":{"self":[{"href":"https:\/\/www.ekoapark.com.br\/bilheteria\/wp-json\/wp\/v2\/product\/642"}],"collection":[{"href":"https:\/\/www.ekoapark.com.br\/bilheteria\/wp-json\/wp\/v2\/product"}],"about":[{"href":"https:\/\/www.ekoapark.com.br\/bilheteria\/wp-json\/wp\/v2\/types\/product"}],"wp:featuredmedia":[{"embeddable":true,"href":"https:\/\/www.ekoapark.com.br\/bilheteria\/wp-json\/wp\/v2\/media\/951"}],"wp:attachment":[{"href":"https:\/\/www.ekoapark.com.br\/bilheteria\/wp-json\/wp\/v2\/media?parent=642"}],"wp:term":[{"taxonomy":"product_cat","embeddable":true,"href":"https:\/\/www.ekoapark.com.br\/bilheteria\/wp-json\/wp\/v2\/product_cat?post=642"},{"taxonomy":"product_tag","embeddable":true,"href":"https:\/\/www.ekoapark.com.br\/bilheteria\/wp-json\/wp\/v2\/product_tag?post=642"}],"curies":[{"name":"wp","href":"https:\/\/api.w.org\/{rel}","templated":true}]}}