{"id":5509,"date":"2021-11-24T11:50:53","date_gmt":"2021-11-24T14:50:53","guid":{"rendered":"https:\/\/www.ekoapark.com.br\/bilheteria\/?post_type=product&#038;p=5509"},"modified":"2025-11-17T12:42:25","modified_gmt":"2025-11-17T15:42:25","slug":"caiaque-avulso","status":"publish","type":"product","link":"https:\/\/www.ekoapark.com.br\/bilheteria\/produto\/caiaque-avulso\/","title":{"rendered":"Caiaque (avulso)"},"content":{"rendered":"<p>Uma passeio c\u00eanico no lago central do Ek\u00f4a, com uma vista privilegiado para o Morro do Sete.<\/p>\n<p>&nbsp;<\/p>\n<ul style=\"font-weight: 400;\">\n<li>Atividade avulsa (uso uma \u00fanica vez).<\/li>\n<li>\u00a0INGRESSO N\u00c3O INCLUSO. Para agendar esta atividade voc\u00ea precisa selecionar um Ingresso para a mesma data em seu carrinho de compras (ou optar pelo Pacote Aventura, que oferece acesso ilimitado ao circuito aventura).<\/li>\n<li>Esta atividade \u00e9 a restrita a pessoas acima de 13 anos com peso m\u00e1ximo de 100 kg.<\/li>\n<\/ul>\n","protected":false},"excerpt":{"rendered":"<p>Atividade no lago para relaxar e contemplar a natureza.<\/p>\n","protected":false},"featured_media":5510,"template":"","meta":[],"product_cat":[20],"product_tag":[],"acf":[],"yoast_head":"<!-- This site is optimized with the Yoast SEO plugin v20.12 - https:\/\/yoast.com\/wordpress\/plugins\/seo\/ -->\n<title>Caiaque (avulso) - Ek\u00f4a Park<\/title>\n<meta name=\"robots\" content=\"index, follow, max-snippet:-1, max-image-preview:large, max-video-preview:-1\" \/>\n<link rel=\"canonical\" href=\"https:\/\/www.ekoapark.com.br\/bilheteria\/produto\/caiaque-avulso\/\" \/>\n<meta property=\"og:locale\" content=\"pt_BR\" \/>\n<meta property=\"og:type\" content=\"article\" \/>\n<meta property=\"og:title\" content=\"Caiaque (avulso) - Ek\u00f4a Park\" \/>\n<meta property=\"og:description\" content=\"Atividade no lago para relaxar e contemplar a natureza.\" \/>\n<meta property=\"og:url\" content=\"https:\/\/www.ekoapark.com.br\/bilheteria\/produto\/caiaque-avulso\/\" \/>\n<meta property=\"og:site_name\" content=\"Ek\u00f4a Park\" \/>\n<meta property=\"article:publisher\" content=\"https:\/\/www.facebook.com\/ekoapark\" \/>\n<meta property=\"article:modified_time\" content=\"2025-11-17T15:42:25+00:00\" \/>\n<meta property=\"og:image\" content=\"https:\/\/www.ekoapark.com.br\/bilheteria\/wp-content\/uploads\/2021\/11\/Ekoa_imagemsite_canoa.jpg\" \/>\n\t<meta property=\"og:image:width\" content=\"602\" \/>\n\t<meta property=\"og:image:height\" content=\"339\" \/>\n\t<meta property=\"og:image:type\" content=\"image\/jpeg\" \/>\n<meta name=\"twitter:card\" content=\"summary_large_image\" \/>\n<meta name=\"twitter:label1\" content=\"Est. tempo de leitura\" \/>\n\t<meta name=\"twitter:data1\" content=\"1 minuto\" \/>\n<script type=\"application\/ld+json\" class=\"yoast-schema-graph\">{\"@context\":\"https:\/\/schema.org\",\"@graph\":[{\"@type\":\"WebPage\",\"@id\":\"https:\/\/www.ekoapark.com.br\/bilheteria\/produto\/caiaque-avulso\/\",\"url\":\"https:\/\/www.ekoapark.com.br\/bilheteria\/produto\/caiaque-avulso\/\",\"name\":\"Caiaque (avulso) - Ek\u00f4a Park\",\"isPartOf\":{\"@id\":\"https:\/\/www.ekoapark.com.br\/bilheteria\/#website\"},\"datePublished\":\"2021-11-24T14:50:53+00:00\",\"dateModified\":\"2025-11-17T15:42:25+00:00\",\"breadcrumb\":{\"@id\":\"https:\/\/www.ekoapark.com.br\/bilheteria\/produto\/caiaque-avulso\/#breadcrumb\"},\"inLanguage\":\"pt-BR\",\"potentialAction\":[{\"@type\":\"ReadAction\",\"target\":[\"https:\/\/www.ekoapark.com.br\/bilheteria\/produto\/caiaque-avulso\/\"]}]},{\"@type\":\"BreadcrumbList\",\"@id\":\"https:\/\/www.ekoapark.com.br\/bilheteria\/produto\/caiaque-avulso\/#breadcrumb\",\"itemListElement\":[{\"@type\":\"ListItem\",\"position\":1,\"name\":\"Loja\",\"item\":\"https:\/\/www.ekoapark.com.br\/bilheteria\/loja\/\"},{\"@type\":\"ListItem\",\"position\":2,\"name\":\"Caiaque (avulso)\"}]},{\"@type\":\"WebSite\",\"@id\":\"https:\/\/www.ekoapark.com.br\/bilheteria\/#website\",\"url\":\"https:\/\/www.ekoapark.com.br\/bilheteria\/\",\"name\":\"Ek\u00f4a Park\",\"description\":\"Um para\u00edso ecol\u00f3gico que encanta e ensina por meio de experi\u00eancias \u00fanicas\",\"potentialAction\":[{\"@type\":\"SearchAction\",\"target\":{\"@type\":\"EntryPoint\",\"urlTemplate\":\"https:\/\/www.ekoapark.com.br\/bilheteria\/?s={search_term_string}\"},\"query-input\":\"required name=search_term_string\"}],\"inLanguage\":\"pt-BR\"}]}<\/script>\n<!-- \/ Yoast SEO plugin. -->","yoast_head_json":{"title":"Caiaque (avulso) - Ek\u00f4a Park","robots":{"index":"index","follow":"follow","max-snippet":"max-snippet:-1","max-image-preview":"max-image-preview:large","max-video-preview":"max-video-preview:-1"},"canonical":"https:\/\/www.ekoapark.com.br\/bilheteria\/produto\/caiaque-avulso\/","og_locale":"pt_BR","og_type":"article","og_title":"Caiaque (avulso) - Ek\u00f4a Park","og_description":"Atividade no lago para relaxar e contemplar a natureza.","og_url":"https:\/\/www.ekoapark.com.br\/bilheteria\/produto\/caiaque-avulso\/","og_site_name":"Ek\u00f4a Park","article_publisher":"https:\/\/www.facebook.com\/ekoapark","article_modified_time":"2025-11-17T15:42:25+00:00","og_image":[{"width":602,"height":339,"url":"https:\/\/www.ekoapark.com.br\/bilheteria\/wp-content\/uploads\/2021\/11\/Ekoa_imagemsite_canoa.jpg","type":"image\/jpeg"}],"twitter_card":"summary_large_image","twitter_misc":{"Est. tempo de leitura":"1 minuto"},"schema":{"@context":"https:\/\/schema.org","@graph":[{"@type":"WebPage","@id":"https:\/\/www.ekoapark.com.br\/bilheteria\/produto\/caiaque-avulso\/","url":"https:\/\/www.ekoapark.com.br\/bilheteria\/produto\/caiaque-avulso\/","name":"Caiaque (avulso) - Ek\u00f4a Park","isPartOf":{"@id":"https:\/\/www.ekoapark.com.br\/bilheteria\/#website"},"datePublished":"2021-11-24T14:50:53+00:00","dateModified":"2025-11-17T15:42:25+00:00","breadcrumb":{"@id":"https:\/\/www.ekoapark.com.br\/bilheteria\/produto\/caiaque-avulso\/#breadcrumb"},"inLanguage":"pt-BR","potentialAction":[{"@type":"ReadAction","target":["https:\/\/www.ekoapark.com.br\/bilheteria\/produto\/caiaque-avulso\/"]}]},{"@type":"BreadcrumbList","@id":"https:\/\/www.ekoapark.com.br\/bilheteria\/produto\/caiaque-avulso\/#breadcrumb","itemListElement":[{"@type":"ListItem","position":1,"name":"Loja","item":"https:\/\/www.ekoapark.com.br\/bilheteria\/loja\/"},{"@type":"ListItem","position":2,"name":"Caiaque (avulso)"}]},{"@type":"WebSite","@id":"https:\/\/www.ekoapark.com.br\/bilheteria\/#website","url":"https:\/\/www.ekoapark.com.br\/bilheteria\/","name":"Ek\u00f4a Park","description":"Um para\u00edso ecol\u00f3gico que encanta e ensina por meio de experi\u00eancias \u00fanicas","potentialAction":[{"@type":"SearchAction","target":{"@type":"EntryPoint","urlTemplate":"https:\/\/www.ekoapark.com.br\/bilheteria\/?s={search_term_string}"},"query-input":"required name=search_term_string"}],"inLanguage":"pt-BR"}]}},"_links":{"self":[{"href":"https:\/\/www.ekoapark.com.br\/bilheteria\/wp-json\/wp\/v2\/product\/5509"}],"collection":[{"href":"https:\/\/www.ekoapark.com.br\/bilheteria\/wp-json\/wp\/v2\/product"}],"about":[{"href":"https:\/\/www.ekoapark.com.br\/bilheteria\/wp-json\/wp\/v2\/types\/product"}],"wp:featuredmedia":[{"embeddable":true,"href":"https:\/\/www.ekoapark.com.br\/bilheteria\/wp-json\/wp\/v2\/media\/5510"}],"wp:attachment":[{"href":"https:\/\/www.ekoapark.com.br\/bilheteria\/wp-json\/wp\/v2\/media?parent=5509"}],"wp:term":[{"taxonomy":"product_cat","embeddable":true,"href":"https:\/\/www.ekoapark.com.br\/bilheteria\/wp-json\/wp\/v2\/product_cat?post=5509"},{"taxonomy":"product_tag","embeddable":true,"href":"https:\/\/www.ekoapark.com.br\/bilheteria\/wp-json\/wp\/v2\/product_tag?post=5509"}],"curies":[{"name":"wp","href":"https:\/\/api.w.org\/{rel}","templated":true}]}}