{"id":5236,"date":"2021-10-23T16:20:30","date_gmt":"2021-10-23T19:20:30","guid":{"rendered":"https:\/\/www.ekoapark.com.br\/bilheteria\/?post_type=product&#038;p=5236"},"modified":"2025-09-15T11:15:24","modified_gmt":"2025-09-15T14:15:24","slug":"festival-primavera-meia","status":"publish","type":"product","link":"https:\/\/www.ekoapark.com.br\/bilheteria\/produto\/festival-primavera-meia\/","title":{"rendered":"Festival da Primavera (meia)"},"content":{"rendered":"<p style=\"text-align: left;\">Ingresso Ek\u00f4a (meia) + Programa\u00e7\u00e3o Especial Festival da Primavera<\/p>\n<p><span class=\"s1\">O ingresso inclui acesso \u00e0s principais \u00e1reas do parque &#8211; trilhas (Trilha da Mata, Trilha do Peabiru e Trilha das Aves), proje\u00e7\u00e3o 180, Corredor dos Sentidos, Alameda das Artes, Curumim, Red\u00e1rio e Espa\u00e7o Tek\u00f4a.<\/span><\/p>\n<p>&nbsp;<\/p>\n<p><strong>PROGRAMA\u00c7\u00c3O ESPECIAL (21\/09)<\/strong><\/p>\n<p><strong>10h00 \u2013 11h30<\/strong>\u00a0| Oficina de Aromas e Ess\u00eancias da Mata Atl\u00e2ntica<\/p>\n<p><strong>11h30 \u2013 13h00<\/strong>\u00a0| Workshop de Meliponicultura<\/p>\n<p><strong>14h00 \u2013 15h00<\/strong>\u00a0| Trilha Guiada com Engenheiro Florestal<\/p>\n<p><strong>14h00<\/strong>\u00a0| Cores e Sabores da Mata Atl\u00e2ntica (Experi\u00eancia Gastron\u00f4mica)<\/p>\n<p><strong>15h30 \u2013 17h00<\/strong>\u00a0| Resultados do Programa Salvando \u00c1rvores da Extin\u00e7\u00e3o + Oficina de T\u00e9cnicas de Plantio e Beneficiamento de Sementes<\/p>\n","protected":false},"excerpt":{"rendered":"<p>Ingresso Ek\u00f4a (meia) + Festival da Primavera<\/p>\n","protected":false},"featured_media":30218,"template":"","meta":[],"product_cat":[15],"product_tag":[],"acf":[],"yoast_head":"<!-- This site is optimized with the Yoast SEO plugin v20.12 - https:\/\/yoast.com\/wordpress\/plugins\/seo\/ -->\n<title>Festival da Primavera (meia) - Ek\u00f4a Park<\/title>\n<meta name=\"description\" content=\"No dia 21\/09, desperte os sentidos, renove suas energias e se reconecte com a natureza no Festival da Primavera. Garanta seu ingresso e participe!\" \/>\n<meta name=\"robots\" content=\"index, follow, max-snippet:-1, max-image-preview:large, max-video-preview:-1\" \/>\n<link rel=\"canonical\" href=\"https:\/\/www.ekoapark.com.br\/bilheteria\/produto\/festival-primavera-meia\/\" \/>\n<meta property=\"og:locale\" content=\"pt_BR\" \/>\n<meta property=\"og:type\" content=\"article\" \/>\n<meta property=\"og:title\" content=\"Festival da Primavera (meia) - Ek\u00f4a Park\" \/>\n<meta property=\"og:description\" content=\"No dia 21\/09, desperte os sentidos, renove suas energias e se reconecte com a natureza no Festival da Primavera. Garanta seu ingresso e participe!\" \/>\n<meta property=\"og:url\" content=\"https:\/\/www.ekoapark.com.br\/bilheteria\/produto\/festival-primavera-meia\/\" \/>\n<meta property=\"og:site_name\" content=\"Ek\u00f4a Park\" \/>\n<meta property=\"article:publisher\" content=\"https:\/\/www.facebook.com\/ekoapark\" \/>\n<meta property=\"article:modified_time\" content=\"2025-09-15T14:15:24+00:00\" \/>\n<meta property=\"og:image\" content=\"https:\/\/www.ekoapark.com.br\/bilheteria\/wp-content\/uploads\/2021\/10\/6BA88BE5-C5AC-4B82-A77D-9E8DB88FE6AA.png\" \/>\n\t<meta property=\"og:image:width\" content=\"602\" \/>\n\t<meta property=\"og:image:height\" content=\"339\" \/>\n\t<meta property=\"og:image:type\" content=\"image\/png\" \/>\n<meta name=\"twitter:card\" content=\"summary_large_image\" \/>\n<meta name=\"twitter:label1\" content=\"Est. tempo de leitura\" \/>\n\t<meta name=\"twitter:data1\" content=\"1 minuto\" \/>\n<script type=\"application\/ld+json\" class=\"yoast-schema-graph\">{\"@context\":\"https:\/\/schema.org\",\"@graph\":[{\"@type\":\"WebPage\",\"@id\":\"https:\/\/www.ekoapark.com.br\/bilheteria\/produto\/festival-primavera-meia\/\",\"url\":\"https:\/\/www.ekoapark.com.br\/bilheteria\/produto\/festival-primavera-meia\/\",\"name\":\"Festival da Primavera (meia) - Ek\u00f4a Park\",\"isPartOf\":{\"@id\":\"https:\/\/www.ekoapark.com.br\/bilheteria\/#website\"},\"datePublished\":\"2021-10-23T19:20:30+00:00\",\"dateModified\":\"2025-09-15T14:15:24+00:00\",\"description\":\"No dia 21\/09, desperte os sentidos, renove suas energias e se reconecte com a natureza no Festival da Primavera. Garanta seu ingresso e participe!\",\"breadcrumb\":{\"@id\":\"https:\/\/www.ekoapark.com.br\/bilheteria\/produto\/festival-primavera-meia\/#breadcrumb\"},\"inLanguage\":\"pt-BR\",\"potentialAction\":[{\"@type\":\"ReadAction\",\"target\":[\"https:\/\/www.ekoapark.com.br\/bilheteria\/produto\/festival-primavera-meia\/\"]}]},{\"@type\":\"BreadcrumbList\",\"@id\":\"https:\/\/www.ekoapark.com.br\/bilheteria\/produto\/festival-primavera-meia\/#breadcrumb\",\"itemListElement\":[{\"@type\":\"ListItem\",\"position\":1,\"name\":\"Loja\",\"item\":\"https:\/\/www.ekoapark.com.br\/bilheteria\/loja\/\"},{\"@type\":\"ListItem\",\"position\":2,\"name\":\"Festival da Primavera (meia)\"}]},{\"@type\":\"WebSite\",\"@id\":\"https:\/\/www.ekoapark.com.br\/bilheteria\/#website\",\"url\":\"https:\/\/www.ekoapark.com.br\/bilheteria\/\",\"name\":\"Ek\u00f4a Park\",\"description\":\"Um para\u00edso ecol\u00f3gico que encanta e ensina por meio de experi\u00eancias \u00fanicas\",\"potentialAction\":[{\"@type\":\"SearchAction\",\"target\":{\"@type\":\"EntryPoint\",\"urlTemplate\":\"https:\/\/www.ekoapark.com.br\/bilheteria\/?s={search_term_string}\"},\"query-input\":\"required name=search_term_string\"}],\"inLanguage\":\"pt-BR\"}]}<\/script>\n<!-- \/ Yoast SEO plugin. -->","yoast_head_json":{"title":"Festival da Primavera (meia) - Ek\u00f4a Park","description":"No dia 21\/09, desperte os sentidos, renove suas energias e se reconecte com a natureza no Festival da Primavera. Garanta seu ingresso e participe!","robots":{"index":"index","follow":"follow","max-snippet":"max-snippet:-1","max-image-preview":"max-image-preview:large","max-video-preview":"max-video-preview:-1"},"canonical":"https:\/\/www.ekoapark.com.br\/bilheteria\/produto\/festival-primavera-meia\/","og_locale":"pt_BR","og_type":"article","og_title":"Festival da Primavera (meia) - Ek\u00f4a Park","og_description":"No dia 21\/09, desperte os sentidos, renove suas energias e se reconecte com a natureza no Festival da Primavera. Garanta seu ingresso e participe!","og_url":"https:\/\/www.ekoapark.com.br\/bilheteria\/produto\/festival-primavera-meia\/","og_site_name":"Ek\u00f4a Park","article_publisher":"https:\/\/www.facebook.com\/ekoapark","article_modified_time":"2025-09-15T14:15:24+00:00","og_image":[{"width":602,"height":339,"url":"https:\/\/www.ekoapark.com.br\/bilheteria\/wp-content\/uploads\/2021\/10\/6BA88BE5-C5AC-4B82-A77D-9E8DB88FE6AA.png","type":"image\/png"}],"twitter_card":"summary_large_image","twitter_misc":{"Est. tempo de leitura":"1 minuto"},"schema":{"@context":"https:\/\/schema.org","@graph":[{"@type":"WebPage","@id":"https:\/\/www.ekoapark.com.br\/bilheteria\/produto\/festival-primavera-meia\/","url":"https:\/\/www.ekoapark.com.br\/bilheteria\/produto\/festival-primavera-meia\/","name":"Festival da Primavera (meia) - Ek\u00f4a Park","isPartOf":{"@id":"https:\/\/www.ekoapark.com.br\/bilheteria\/#website"},"datePublished":"2021-10-23T19:20:30+00:00","dateModified":"2025-09-15T14:15:24+00:00","description":"No dia 21\/09, desperte os sentidos, renove suas energias e se reconecte com a natureza no Festival da Primavera. Garanta seu ingresso e participe!","breadcrumb":{"@id":"https:\/\/www.ekoapark.com.br\/bilheteria\/produto\/festival-primavera-meia\/#breadcrumb"},"inLanguage":"pt-BR","potentialAction":[{"@type":"ReadAction","target":["https:\/\/www.ekoapark.com.br\/bilheteria\/produto\/festival-primavera-meia\/"]}]},{"@type":"BreadcrumbList","@id":"https:\/\/www.ekoapark.com.br\/bilheteria\/produto\/festival-primavera-meia\/#breadcrumb","itemListElement":[{"@type":"ListItem","position":1,"name":"Loja","item":"https:\/\/www.ekoapark.com.br\/bilheteria\/loja\/"},{"@type":"ListItem","position":2,"name":"Festival da Primavera (meia)"}]},{"@type":"WebSite","@id":"https:\/\/www.ekoapark.com.br\/bilheteria\/#website","url":"https:\/\/www.ekoapark.com.br\/bilheteria\/","name":"Ek\u00f4a Park","description":"Um para\u00edso ecol\u00f3gico que encanta e ensina por meio de experi\u00eancias \u00fanicas","potentialAction":[{"@type":"SearchAction","target":{"@type":"EntryPoint","urlTemplate":"https:\/\/www.ekoapark.com.br\/bilheteria\/?s={search_term_string}"},"query-input":"required name=search_term_string"}],"inLanguage":"pt-BR"}]}},"_links":{"self":[{"href":"https:\/\/www.ekoapark.com.br\/bilheteria\/wp-json\/wp\/v2\/product\/5236"}],"collection":[{"href":"https:\/\/www.ekoapark.com.br\/bilheteria\/wp-json\/wp\/v2\/product"}],"about":[{"href":"https:\/\/www.ekoapark.com.br\/bilheteria\/wp-json\/wp\/v2\/types\/product"}],"wp:featuredmedia":[{"embeddable":true,"href":"https:\/\/www.ekoapark.com.br\/bilheteria\/wp-json\/wp\/v2\/media\/30218"}],"wp:attachment":[{"href":"https:\/\/www.ekoapark.com.br\/bilheteria\/wp-json\/wp\/v2\/media?parent=5236"}],"wp:term":[{"taxonomy":"product_cat","embeddable":true,"href":"https:\/\/www.ekoapark.com.br\/bilheteria\/wp-json\/wp\/v2\/product_cat?post=5236"},{"taxonomy":"product_tag","embeddable":true,"href":"https:\/\/www.ekoapark.com.br\/bilheteria\/wp-json\/wp\/v2\/product_tag?post=5236"}],"curies":[{"name":"wp","href":"https:\/\/api.w.org\/{rel}","templated":true}]}}