{"id":3477,"date":"2021-05-02T20:16:42","date_gmt":"2021-05-02T23:16:42","guid":{"rendered":"https:\/\/www.ekoapark.com.br\/bilheteria\/?post_type=product&#038;p=3477"},"modified":"2026-02-05T10:19:36","modified_gmt":"2026-02-05T13:19:36","slug":"observacao-de-aves","status":"publish","type":"product","link":"https:\/\/www.ekoapark.com.br\/bilheteria\/produto\/observacao-de-aves\/","title":{"rendered":"Observa\u00e7\u00e3o de Aves"},"content":{"rendered":"<p>Observa\u00e7\u00e3o de aves com Birding Guide Luciano Breves.<\/p>\n<p>Uma verdadeira experi\u00eancia para aprender mais sobre as aves da Mata Atl\u00e2ntica e observ\u00e1-las em seu habitat natural, tudo isso na companhia de um ornit\u00f3logo e especialista. O grupo percorre as trilhas da Mata e trilha das Aves, onde temos uma Torre de Observa\u00e7\u00e3o de 15m.<\/p>\n<p><strong>Datas dispon\u00edveis em 2026:<\/strong><br \/>\n<strong>18\/01, 22\/02, 15\/03, 19\/04, 17\/05, 21\/06 e 19\/07<\/strong><\/p>\n<p>Vagas limitadas. R$ 65,00 + ingresso do Parque<\/p>\n<p>&nbsp;<\/p>\n<p><strong>Informa\u00e7\u00f5es Importantes:\u00a0<\/strong><\/p>\n<ul>\n<li>INGRESSO N\u00c3O INCLUSO. Para agendar esta atividade voc\u00ea precisa selecionar um Ingresso (ou pacote) para a mesma data em seu carrinho de compras.<\/li>\n<li>Atividade sujeita a cancelamentos caso n\u00e3o alcance o n\u00famero m\u00ednimo de 4 participantes ou em raz\u00e3o das condi\u00e7\u00f5es clim\u00e1ticas. Em caso de cancelamento o valor pago\u00a0 poder\u00e1 ser transformado em cr\u00e9dito para outra data, usado como cr\u00e9dito para ingresso ao parque ou reembolsado.<\/li>\n<li>A atividade de observa\u00e7\u00e3o de aves tem o n\u00famero m\u00e1ximo de 10 participantes.<\/li>\n<li>As trilhas s\u00e3o de dificuldade leve \/ moderada, mas n\u00e3o s\u00e3o indicadas a pessoas com dificuldades de locomo\u00e7\u00e3o;<\/li>\n<li>In\u00edcio da atividade \u00e0s 8h. Procure chegar com 10 minutos de anteced\u00eancia. O t\u00e9rmino \u00e9 aproximadamente \u00e0s 12h30, e voc\u00ea pode passar o per\u00edodo da tarde aproveitando o parque.<\/li>\n<li>O parque \u00e9 aberto ao p\u00fablico somente a partir das 9h. Pessoas que n\u00e3o fazem parte do grupo\u00a0de\u00a0observa\u00e7\u00e3o\u00a0de\u00a0aves\u00a0n\u00e3o poder\u00e3o entrar antes disso.<\/li>\n<li>Em caso de cancelamento por qualquer motivo alheio \u00e0 nossa vontade, reembolsaremos o valor da reserva.<\/li>\n<li>Recomendamos o uso de sapatos fechados, roupas de cor discreta, escura ou camuflada;<\/li>\n<li>A sa\u00edda \u00e9 destinada a iniciantes na pr\u00e1tica de birdwatching, por isso n\u00e3o se preocupe se n\u00e3o possui bin\u00f3culos ou c\u00e2meras. Mas se possuir estes equipamentos, melhor ainda.<\/li>\n<\/ul>\n","protected":false},"excerpt":{"rendered":"<div>\n<div>Datas dispon\u00edveis em 2026:<br \/>\n18\/01, 22\/02, 15\/03, 19\/04, 17\/05, 21\/06 e 19\/07<\/div>\n<div><\/div>\n<div>Vagas limitadas. R$ 65,00 + ingresso do Parque<\/div>\n<\/div>\n","protected":false},"featured_media":3479,"template":"","meta":[],"product_cat":[20],"product_tag":[],"acf":[],"yoast_head":"<!-- This site is optimized with the Yoast SEO plugin v20.12 - https:\/\/yoast.com\/wordpress\/plugins\/seo\/ -->\n<title>Observa\u00e7\u00e3o de Aves - Ek\u00f4a Park<\/title>\n<meta name=\"robots\" content=\"index, follow, max-snippet:-1, max-image-preview:large, max-video-preview:-1\" \/>\n<link rel=\"canonical\" href=\"https:\/\/www.ekoapark.com.br\/bilheteria\/produto\/observacao-de-aves\/\" \/>\n<meta property=\"og:locale\" content=\"pt_BR\" \/>\n<meta property=\"og:type\" content=\"article\" \/>\n<meta property=\"og:title\" content=\"Observa\u00e7\u00e3o de Aves - Ek\u00f4a Park\" \/>\n<meta property=\"og:description\" content=\"Datas dispon\u00edveis em 2026: 18\/01, 22\/02, 15\/03, 19\/04, 17\/05, 21\/06 e 19\/07  Vagas limitadas. R$ 65,00 + ingresso do Parque\" \/>\n<meta property=\"og:url\" content=\"https:\/\/www.ekoapark.com.br\/bilheteria\/produto\/observacao-de-aves\/\" \/>\n<meta property=\"og:site_name\" content=\"Ek\u00f4a Park\" \/>\n<meta property=\"article:publisher\" content=\"https:\/\/www.facebook.com\/ekoapark\" \/>\n<meta property=\"article:modified_time\" content=\"2026-02-05T13:19:36+00:00\" \/>\n<meta property=\"og:image\" content=\"https:\/\/www.ekoapark.com.br\/bilheteria\/wp-content\/uploads\/2021\/05\/birdwatchingluciano.jpg\" \/>\n\t<meta property=\"og:image:width\" content=\"602\" \/>\n\t<meta property=\"og:image:height\" content=\"339\" \/>\n\t<meta property=\"og:image:type\" content=\"image\/jpeg\" \/>\n<meta name=\"twitter:card\" content=\"summary_large_image\" \/>\n<meta name=\"twitter:label1\" content=\"Est. tempo de leitura\" \/>\n\t<meta name=\"twitter:data1\" content=\"2 minutos\" \/>\n<script type=\"application\/ld+json\" class=\"yoast-schema-graph\">{\"@context\":\"https:\/\/schema.org\",\"@graph\":[{\"@type\":\"WebPage\",\"@id\":\"https:\/\/www.ekoapark.com.br\/bilheteria\/produto\/observacao-de-aves\/\",\"url\":\"https:\/\/www.ekoapark.com.br\/bilheteria\/produto\/observacao-de-aves\/\",\"name\":\"Observa\u00e7\u00e3o de Aves - Ek\u00f4a Park\",\"isPartOf\":{\"@id\":\"https:\/\/www.ekoapark.com.br\/bilheteria\/#website\"},\"datePublished\":\"2021-05-02T23:16:42+00:00\",\"dateModified\":\"2026-02-05T13:19:36+00:00\",\"breadcrumb\":{\"@id\":\"https:\/\/www.ekoapark.com.br\/bilheteria\/produto\/observacao-de-aves\/#breadcrumb\"},\"inLanguage\":\"pt-BR\",\"potentialAction\":[{\"@type\":\"ReadAction\",\"target\":[\"https:\/\/www.ekoapark.com.br\/bilheteria\/produto\/observacao-de-aves\/\"]}]},{\"@type\":\"BreadcrumbList\",\"@id\":\"https:\/\/www.ekoapark.com.br\/bilheteria\/produto\/observacao-de-aves\/#breadcrumb\",\"itemListElement\":[{\"@type\":\"ListItem\",\"position\":1,\"name\":\"Loja\",\"item\":\"https:\/\/www.ekoapark.com.br\/bilheteria\/loja\/\"},{\"@type\":\"ListItem\",\"position\":2,\"name\":\"Observa\u00e7\u00e3o de Aves\"}]},{\"@type\":\"WebSite\",\"@id\":\"https:\/\/www.ekoapark.com.br\/bilheteria\/#website\",\"url\":\"https:\/\/www.ekoapark.com.br\/bilheteria\/\",\"name\":\"Ek\u00f4a Park\",\"description\":\"Um para\u00edso ecol\u00f3gico que encanta e ensina por meio de experi\u00eancias \u00fanicas\",\"potentialAction\":[{\"@type\":\"SearchAction\",\"target\":{\"@type\":\"EntryPoint\",\"urlTemplate\":\"https:\/\/www.ekoapark.com.br\/bilheteria\/?s={search_term_string}\"},\"query-input\":\"required name=search_term_string\"}],\"inLanguage\":\"pt-BR\"}]}<\/script>\n<!-- \/ Yoast SEO plugin. -->","yoast_head_json":{"title":"Observa\u00e7\u00e3o de Aves - Ek\u00f4a Park","robots":{"index":"index","follow":"follow","max-snippet":"max-snippet:-1","max-image-preview":"max-image-preview:large","max-video-preview":"max-video-preview:-1"},"canonical":"https:\/\/www.ekoapark.com.br\/bilheteria\/produto\/observacao-de-aves\/","og_locale":"pt_BR","og_type":"article","og_title":"Observa\u00e7\u00e3o de Aves - Ek\u00f4a Park","og_description":"Datas dispon\u00edveis em 2026: 18\/01, 22\/02, 15\/03, 19\/04, 17\/05, 21\/06 e 19\/07  Vagas limitadas. R$ 65,00 + ingresso do Parque","og_url":"https:\/\/www.ekoapark.com.br\/bilheteria\/produto\/observacao-de-aves\/","og_site_name":"Ek\u00f4a Park","article_publisher":"https:\/\/www.facebook.com\/ekoapark","article_modified_time":"2026-02-05T13:19:36+00:00","og_image":[{"width":602,"height":339,"url":"https:\/\/www.ekoapark.com.br\/bilheteria\/wp-content\/uploads\/2021\/05\/birdwatchingluciano.jpg","type":"image\/jpeg"}],"twitter_card":"summary_large_image","twitter_misc":{"Est. tempo de leitura":"2 minutos"},"schema":{"@context":"https:\/\/schema.org","@graph":[{"@type":"WebPage","@id":"https:\/\/www.ekoapark.com.br\/bilheteria\/produto\/observacao-de-aves\/","url":"https:\/\/www.ekoapark.com.br\/bilheteria\/produto\/observacao-de-aves\/","name":"Observa\u00e7\u00e3o de Aves - Ek\u00f4a Park","isPartOf":{"@id":"https:\/\/www.ekoapark.com.br\/bilheteria\/#website"},"datePublished":"2021-05-02T23:16:42+00:00","dateModified":"2026-02-05T13:19:36+00:00","breadcrumb":{"@id":"https:\/\/www.ekoapark.com.br\/bilheteria\/produto\/observacao-de-aves\/#breadcrumb"},"inLanguage":"pt-BR","potentialAction":[{"@type":"ReadAction","target":["https:\/\/www.ekoapark.com.br\/bilheteria\/produto\/observacao-de-aves\/"]}]},{"@type":"BreadcrumbList","@id":"https:\/\/www.ekoapark.com.br\/bilheteria\/produto\/observacao-de-aves\/#breadcrumb","itemListElement":[{"@type":"ListItem","position":1,"name":"Loja","item":"https:\/\/www.ekoapark.com.br\/bilheteria\/loja\/"},{"@type":"ListItem","position":2,"name":"Observa\u00e7\u00e3o de Aves"}]},{"@type":"WebSite","@id":"https:\/\/www.ekoapark.com.br\/bilheteria\/#website","url":"https:\/\/www.ekoapark.com.br\/bilheteria\/","name":"Ek\u00f4a Park","description":"Um para\u00edso ecol\u00f3gico que encanta e ensina por meio de experi\u00eancias \u00fanicas","potentialAction":[{"@type":"SearchAction","target":{"@type":"EntryPoint","urlTemplate":"https:\/\/www.ekoapark.com.br\/bilheteria\/?s={search_term_string}"},"query-input":"required name=search_term_string"}],"inLanguage":"pt-BR"}]}},"_links":{"self":[{"href":"https:\/\/www.ekoapark.com.br\/bilheteria\/wp-json\/wp\/v2\/product\/3477"}],"collection":[{"href":"https:\/\/www.ekoapark.com.br\/bilheteria\/wp-json\/wp\/v2\/product"}],"about":[{"href":"https:\/\/www.ekoapark.com.br\/bilheteria\/wp-json\/wp\/v2\/types\/product"}],"wp:featuredmedia":[{"embeddable":true,"href":"https:\/\/www.ekoapark.com.br\/bilheteria\/wp-json\/wp\/v2\/media\/3479"}],"wp:attachment":[{"href":"https:\/\/www.ekoapark.com.br\/bilheteria\/wp-json\/wp\/v2\/media?parent=3477"}],"wp:term":[{"taxonomy":"product_cat","embeddable":true,"href":"https:\/\/www.ekoapark.com.br\/bilheteria\/wp-json\/wp\/v2\/product_cat?post=3477"},{"taxonomy":"product_tag","embeddable":true,"href":"https:\/\/www.ekoapark.com.br\/bilheteria\/wp-json\/wp\/v2\/product_tag?post=3477"}],"curies":[{"name":"wp","href":"https:\/\/api.w.org\/{rel}","templated":true}]}}