{"id":23570,"date":"2024-06-17T15:10:30","date_gmt":"2024-06-17T18:10:30","guid":{"rendered":"https:\/\/www.ekoapark.com.br\/bilheteria\/?post_type=product&#038;p=23570"},"modified":"2025-08-18T08:48:11","modified_gmt":"2025-08-18T11:48:11","slug":"telhadoverde","status":"publish","type":"product","link":"https:\/\/www.ekoapark.com.br\/bilheteria\/produto\/telhadoverde\/","title":{"rendered":"Curso de Telhado Verde"},"content":{"rendered":"<div dir=\"auto\">\n<p style=\"text-align: left;\">\ud83d\udea8 <strong>\u00daLTIMAS VAGAS! Garanta a sua pelo e-mail contato@ekoapark.com.br<\/strong><\/p>\n<p>Nos dias <strong>06 e 07 de setembro<\/strong>, o Ek\u00f4a Park recebe o curso Telhado Verde: Solu\u00e7\u00f5es Baseadas na Natureza para a Transi\u00e7\u00e3o Ecol\u00f3gica \u2014 uma imers\u00e3o pr\u00e1tica com os Arquitetos Adriane Savi e Ormy H\u00fctner Jr., refer\u00eancias nacionais em arquitetura sustent\u00e1vel e biof\u00edlica! \ud83c\udf3f<\/p>\n<p>Aprenda a transformar espa\u00e7os e ideias com solu\u00e7\u00f5es regenerativas que unem funcionalidade, beleza e impacto ambiental positivo.<\/p>\n<p>&nbsp;<\/p>\n<p>\u2705 Cria\u00e7\u00e3o de telhados verdes eficientes e est\u00e9ticos<br \/>\n\u2705 T\u00e9cnicas de impermeabiliza\u00e7\u00e3o, drenagem e escolha da vegeta\u00e7\u00e3o<br \/>\n\u2705 Redu\u00e7\u00e3o de ilhas de calor e uso eficiente da \u00e1gua<br \/>\n\u2705 Solu\u00e7\u00f5es sustent\u00e1veis para cidades mais saud\u00e1veis<\/p>\n<p>&nbsp;<\/p>\n<p>\ud83c\udf31 Para arquitetos, paisagistas, profissionais da constru\u00e7\u00e3o civil e entusiastas da biofilia.<\/p>\n<p>&nbsp;<\/p>\n<p>\ud83d\udccd Local: Ek\u00f4a Park \u2013 Morretes\/PR<br \/>\n\ud83d\uddd3\ufe0f Data: 06 e 07 de setembro<br \/>\n\ud83d\udd58 Hor\u00e1rio: 09h \u00e0s 17h<br \/>\n\ud83d\udcb0 Valor: R$500<br \/>\n(inclui ingresso \/ alimenta\u00e7\u00e3o n\u00e3o inclusa)<\/p>\n<p>Garanta sua vaga e venha construir o futuro com a gente!<br \/>\n\ud83d\udce9 Inscri\u00e7\u00f5es: contato@ekoapark.com.br<\/p>\n<\/div>\n","protected":false},"excerpt":{"rendered":"<p>06 e 07 de setembro das 9h \u00e0s 17h &#8211; saiba mais e inscreva-se pelo e-mail contato@ekoapark.com.br<\/p>\n","protected":false},"featured_media":29816,"template":"","meta":[],"product_cat":[15],"product_tag":[],"acf":[],"yoast_head":"<!-- This site is optimized with the Yoast SEO plugin v20.12 - https:\/\/yoast.com\/wordpress\/plugins\/seo\/ -->\n<title>Curso de Telhado Verde - Ek\u00f4a Park<\/title>\n<meta name=\"description\" content=\"Aprenda a transformar espa\u00e7os e ideias com solu\u00e7\u00f5es regenerativas que unem funcionalidade, beleza e impacto ambiental positivo.\" \/>\n<meta name=\"robots\" content=\"index, follow, max-snippet:-1, max-image-preview:large, max-video-preview:-1\" \/>\n<link rel=\"canonical\" href=\"https:\/\/www.ekoapark.com.br\/bilheteria\/produto\/telhadoverde\/\" \/>\n<meta property=\"og:locale\" content=\"pt_BR\" \/>\n<meta property=\"og:type\" content=\"article\" \/>\n<meta property=\"og:title\" content=\"Curso de Telhado Verde - Ek\u00f4a Park\" \/>\n<meta property=\"og:description\" content=\"Aprenda a transformar espa\u00e7os e ideias com solu\u00e7\u00f5es regenerativas que unem funcionalidade, beleza e impacto ambiental positivo.\" \/>\n<meta property=\"og:url\" content=\"https:\/\/www.ekoapark.com.br\/bilheteria\/produto\/telhadoverde\/\" \/>\n<meta property=\"og:site_name\" content=\"Ek\u00f4a Park\" \/>\n<meta property=\"article:publisher\" content=\"https:\/\/www.facebook.com\/ekoapark\" \/>\n<meta property=\"article:modified_time\" content=\"2025-08-18T11:48:11+00:00\" \/>\n<meta property=\"og:image\" content=\"https:\/\/www.ekoapark.com.br\/bilheteria\/wp-content\/uploads\/2024\/06\/1263773F-DFBD-4F0F-BFF8-E50A27AC4EC3.png\" \/>\n\t<meta property=\"og:image:width\" content=\"602\" \/>\n\t<meta property=\"og:image:height\" content=\"339\" \/>\n\t<meta property=\"og:image:type\" content=\"image\/png\" \/>\n<meta name=\"twitter:card\" content=\"summary_large_image\" \/>\n<meta name=\"twitter:label1\" content=\"Est. tempo de leitura\" \/>\n\t<meta name=\"twitter:data1\" content=\"1 minuto\" \/>\n<script type=\"application\/ld+json\" class=\"yoast-schema-graph\">{\"@context\":\"https:\/\/schema.org\",\"@graph\":[{\"@type\":\"WebPage\",\"@id\":\"https:\/\/www.ekoapark.com.br\/bilheteria\/produto\/telhadoverde\/\",\"url\":\"https:\/\/www.ekoapark.com.br\/bilheteria\/produto\/telhadoverde\/\",\"name\":\"Curso de Telhado Verde - Ek\u00f4a Park\",\"isPartOf\":{\"@id\":\"https:\/\/www.ekoapark.com.br\/bilheteria\/#website\"},\"datePublished\":\"2024-06-17T18:10:30+00:00\",\"dateModified\":\"2025-08-18T11:48:11+00:00\",\"description\":\"Aprenda a transformar espa\u00e7os e ideias com solu\u00e7\u00f5es regenerativas que unem funcionalidade, beleza e impacto ambiental positivo.\",\"breadcrumb\":{\"@id\":\"https:\/\/www.ekoapark.com.br\/bilheteria\/produto\/telhadoverde\/#breadcrumb\"},\"inLanguage\":\"pt-BR\",\"potentialAction\":[{\"@type\":\"ReadAction\",\"target\":[\"https:\/\/www.ekoapark.com.br\/bilheteria\/produto\/telhadoverde\/\"]}]},{\"@type\":\"BreadcrumbList\",\"@id\":\"https:\/\/www.ekoapark.com.br\/bilheteria\/produto\/telhadoverde\/#breadcrumb\",\"itemListElement\":[{\"@type\":\"ListItem\",\"position\":1,\"name\":\"Loja\",\"item\":\"https:\/\/www.ekoapark.com.br\/bilheteria\/loja\/\"},{\"@type\":\"ListItem\",\"position\":2,\"name\":\"Curso de Telhado Verde\"}]},{\"@type\":\"WebSite\",\"@id\":\"https:\/\/www.ekoapark.com.br\/bilheteria\/#website\",\"url\":\"https:\/\/www.ekoapark.com.br\/bilheteria\/\",\"name\":\"Ek\u00f4a Park\",\"description\":\"Um para\u00edso ecol\u00f3gico que encanta e ensina por meio de experi\u00eancias \u00fanicas\",\"potentialAction\":[{\"@type\":\"SearchAction\",\"target\":{\"@type\":\"EntryPoint\",\"urlTemplate\":\"https:\/\/www.ekoapark.com.br\/bilheteria\/?s={search_term_string}\"},\"query-input\":\"required name=search_term_string\"}],\"inLanguage\":\"pt-BR\"}]}<\/script>\n<!-- \/ Yoast SEO plugin. -->","yoast_head_json":{"title":"Curso de Telhado Verde - Ek\u00f4a Park","description":"Aprenda a transformar espa\u00e7os e ideias com solu\u00e7\u00f5es regenerativas que unem funcionalidade, beleza e impacto ambiental positivo.","robots":{"index":"index","follow":"follow","max-snippet":"max-snippet:-1","max-image-preview":"max-image-preview:large","max-video-preview":"max-video-preview:-1"},"canonical":"https:\/\/www.ekoapark.com.br\/bilheteria\/produto\/telhadoverde\/","og_locale":"pt_BR","og_type":"article","og_title":"Curso de Telhado Verde - Ek\u00f4a Park","og_description":"Aprenda a transformar espa\u00e7os e ideias com solu\u00e7\u00f5es regenerativas que unem funcionalidade, beleza e impacto ambiental positivo.","og_url":"https:\/\/www.ekoapark.com.br\/bilheteria\/produto\/telhadoverde\/","og_site_name":"Ek\u00f4a Park","article_publisher":"https:\/\/www.facebook.com\/ekoapark","article_modified_time":"2025-08-18T11:48:11+00:00","og_image":[{"width":602,"height":339,"url":"https:\/\/www.ekoapark.com.br\/bilheteria\/wp-content\/uploads\/2024\/06\/1263773F-DFBD-4F0F-BFF8-E50A27AC4EC3.png","type":"image\/png"}],"twitter_card":"summary_large_image","twitter_misc":{"Est. tempo de leitura":"1 minuto"},"schema":{"@context":"https:\/\/schema.org","@graph":[{"@type":"WebPage","@id":"https:\/\/www.ekoapark.com.br\/bilheteria\/produto\/telhadoverde\/","url":"https:\/\/www.ekoapark.com.br\/bilheteria\/produto\/telhadoverde\/","name":"Curso de Telhado Verde - Ek\u00f4a Park","isPartOf":{"@id":"https:\/\/www.ekoapark.com.br\/bilheteria\/#website"},"datePublished":"2024-06-17T18:10:30+00:00","dateModified":"2025-08-18T11:48:11+00:00","description":"Aprenda a transformar espa\u00e7os e ideias com solu\u00e7\u00f5es regenerativas que unem funcionalidade, beleza e impacto ambiental positivo.","breadcrumb":{"@id":"https:\/\/www.ekoapark.com.br\/bilheteria\/produto\/telhadoverde\/#breadcrumb"},"inLanguage":"pt-BR","potentialAction":[{"@type":"ReadAction","target":["https:\/\/www.ekoapark.com.br\/bilheteria\/produto\/telhadoverde\/"]}]},{"@type":"BreadcrumbList","@id":"https:\/\/www.ekoapark.com.br\/bilheteria\/produto\/telhadoverde\/#breadcrumb","itemListElement":[{"@type":"ListItem","position":1,"name":"Loja","item":"https:\/\/www.ekoapark.com.br\/bilheteria\/loja\/"},{"@type":"ListItem","position":2,"name":"Curso de Telhado Verde"}]},{"@type":"WebSite","@id":"https:\/\/www.ekoapark.com.br\/bilheteria\/#website","url":"https:\/\/www.ekoapark.com.br\/bilheteria\/","name":"Ek\u00f4a Park","description":"Um para\u00edso ecol\u00f3gico que encanta e ensina por meio de experi\u00eancias \u00fanicas","potentialAction":[{"@type":"SearchAction","target":{"@type":"EntryPoint","urlTemplate":"https:\/\/www.ekoapark.com.br\/bilheteria\/?s={search_term_string}"},"query-input":"required name=search_term_string"}],"inLanguage":"pt-BR"}]}},"_links":{"self":[{"href":"https:\/\/www.ekoapark.com.br\/bilheteria\/wp-json\/wp\/v2\/product\/23570"}],"collection":[{"href":"https:\/\/www.ekoapark.com.br\/bilheteria\/wp-json\/wp\/v2\/product"}],"about":[{"href":"https:\/\/www.ekoapark.com.br\/bilheteria\/wp-json\/wp\/v2\/types\/product"}],"wp:featuredmedia":[{"embeddable":true,"href":"https:\/\/www.ekoapark.com.br\/bilheteria\/wp-json\/wp\/v2\/media\/29816"}],"wp:attachment":[{"href":"https:\/\/www.ekoapark.com.br\/bilheteria\/wp-json\/wp\/v2\/media?parent=23570"}],"wp:term":[{"taxonomy":"product_cat","embeddable":true,"href":"https:\/\/www.ekoapark.com.br\/bilheteria\/wp-json\/wp\/v2\/product_cat?post=23570"},{"taxonomy":"product_tag","embeddable":true,"href":"https:\/\/www.ekoapark.com.br\/bilheteria\/wp-json\/wp\/v2\/product_tag?post=23570"}],"curies":[{"name":"wp","href":"https:\/\/api.w.org\/{rel}","templated":true}]}}